{"id":68,"date":"2025-03-01T10:58:13","date_gmt":"2025-03-01T09:58:13","guid":{"rendered":"https:\/\/flietnerimmobilien.dev-so.de\/?page_id=68"},"modified":"2025-05-10T10:32:54","modified_gmt":"2025-05-10T08:32:54","slug":"verkauf","status":"publish","type":"page","link":"https:\/\/www.flietnerimmobilien.de\/en\/verkauf\/","title":{"rendered":"Sell"},"content":{"rendered":"<div data-elementor-type=\"wp-page\" data-elementor-id=\"68\" class=\"elementor elementor-68\" data-elementor-post-type=\"page\">\n\t\t\t\t<div class=\"elementor-element elementor-element-828b7a2 e-con-full e-flex e-con e-parent\" data-id=\"828b7a2\" data-element_type=\"container\" data-e-type=\"container\" data-settings=\"{&quot;jet_parallax_layout_list&quot;:[],&quot;background_background&quot;:&quot;classic&quot;}\">\n\t\t<div class=\"elementor-element elementor-element-330029a e-con-full e-flex e-con e-child\" data-id=\"330029a\" data-element_type=\"container\" data-e-type=\"container\" data-settings=\"{&quot;jet_parallax_layout_list&quot;:[]}\">\n\t\t<div class=\"elementor-element elementor-element-bed69e1 e-con-full e-flex e-con e-child\" data-id=\"bed69e1\" data-element_type=\"container\" data-e-type=\"container\" data-settings=\"{&quot;jet_parallax_layout_list&quot;:[]}\">\n\t\t\t\t<div class=\"elementor-element elementor-element-751e0bf elementor-widget elementor-widget-heading\" data-id=\"751e0bf\" data-element_type=\"widget\" data-e-type=\"widget\" data-widget_type=\"heading.default\">\n\t\t\t\t<div class=\"elementor-widget-container\">\n\t\t\t\t\t<h2 class=\"elementor-heading-title elementor-size-default\">Are you loo\u00adking to sell your pro\u00adper\u00adty?<\/h2>\t\t\t\t<\/div>\n\t\t\t\t<\/div>\n\t\t\t\t<\/div>\n\t\t\t\t<\/div>\n\t\t\t\t<\/div>\n\t\t<div class=\"elementor-element elementor-element-e94e519 e-flex e-con-boxed e-con e-parent\" data-id=\"e94e519\" data-element_type=\"container\" data-e-type=\"container\" data-settings=\"{&quot;jet_parallax_layout_list&quot;:[]}\">\n\t\t\t\t\t<div class=\"e-con-inner\">\n\t\t\t\t<div class=\"elementor-element elementor-element-bec40e0 elementor-widget elementor-widget-heading\" data-id=\"bec40e0\" data-element_type=\"widget\" data-e-type=\"widget\" data-widget_type=\"heading.default\">\n\t\t\t\t<div class=\"elementor-widget-container\">\n\t\t\t\t\t<h2 class=\"elementor-heading-title elementor-size-default\">We see our\u00adsel\u00adves as ser\u00advice pro\u00advi\u00adders with a clear mis\u00adsi\u00adon \u2013<br>\nto mar\u00adket your pro\u00adper\u00adty in the best pos\u00adsi\u00adble way.<\/h2>\t\t\t\t<\/div>\n\t\t\t\t<\/div>\n\t\t\t\t<div class=\"elementor-element elementor-element-d14c210 elementor-widget elementor-widget-text-editor\" data-id=\"d14c210\" data-element_type=\"widget\" data-e-type=\"widget\" data-widget_type=\"text-editor.default\">\n\t\t\t\t<div class=\"elementor-widget-container\">\n\t\t\t\t\t\t\t\t\t<p>For us, this means sel\u00adling your pro\u00adper\u00adty at the best pos\u00adsi\u00adble pri\u00adce within the shor\u00adtest pos\u00adsi\u00adble time \u2013 wit\u00adhout end\u00adless vie\u00adwings, fai\u00adled nota\u00adry appoint\u00adments, or unneces\u00adsa\u00adry stress.<\/p><p>All steps are dis\u00adcus\u00adsed with you in advan\u00adce, and we keep you infor\u00admed throug\u00adhout the enti\u00adre pro\u00adcess.<\/p>\t\t\t\t\t\t\t\t<\/div>\n\t\t\t\t<\/div>\n\t\t\t\t<div class=\"elementor-element elementor-element-7749c81 elementor-widget elementor-widget-heading\" data-id=\"7749c81\" data-element_type=\"widget\" data-e-type=\"widget\" data-widget_type=\"heading.default\">\n\t\t\t\t<div class=\"elementor-widget-container\">\n\t\t\t\t\t<h2 class=\"elementor-heading-title elementor-size-default\">Our Ser\u00advice Com\u00admit\u00adment:<\/h2>\t\t\t\t<\/div>\n\t\t\t\t<\/div>\n\t\t<div class=\"elementor-element elementor-element-f8296d2 e-con-full e-flex e-con e-child\" data-id=\"f8296d2\" data-element_type=\"container\" data-e-type=\"container\" data-settings=\"{&quot;jet_parallax_layout_list&quot;:[]}\">\n\t\t<div class=\"elementor-element elementor-element-34047e3 e-con-full e-flex e-con e-child\" data-id=\"34047e3\" data-element_type=\"container\" data-e-type=\"container\" data-settings=\"{&quot;jet_parallax_layout_list&quot;:[]}\">\n\t\t\t\t<div class=\"elementor-element elementor-element-c85f2a0 elementor-widget elementor-widget-text-editor\" data-id=\"c85f2a0\" data-element_type=\"widget\" data-e-type=\"widget\" data-widget_type=\"text-editor.default\">\n\t\t\t\t<div class=\"elementor-widget-container\">\n\t\t\t\t\t\t\t\t\t<h3>Com\u00adpel\u00adling pro\u00adper\u00adty bro\u00adchu\u00adres<\/h3><ul><li>Coll\u00adec\u00adting all rele\u00advant docu\u00adments for your pro\u00adper\u00adty \u2013 inclu\u00adding from the land regis\u00adtry and buil\u00adding aut\u00adho\u00adri\u00adties<\/li><li>Pro\u00addu\u00adcing high-qua\u00adli\u00adty pro\u00adper\u00adty pho\u00adtos<\/li><li>Crea\u00adting a vir\u00adtu\u00adal 360\u00b0 tour of your pro\u00adper\u00adty<\/li><li>Con\u00adver\u00adting exis\u00adting flo\u00ador plans into attrac\u00adti\u00adve, full-color lay\u00adouts<\/li><li>Desig\u00adning a pro\u00adfes\u00adsio\u00adnal, high-impact pro\u00adper\u00adty bro\u00adchu\u00adre<\/li><li>Pre\u00adpa\u00adring a detail\u00aded mar\u00adket ana\u00adly\u00adsis to deter\u00admi\u00adne the right pri\u00adce and sell the pro\u00adper\u00adty within the shor\u00adtest pos\u00adsi\u00adble time<\/li><\/ul>\t\t\t\t\t\t\t\t<\/div>\n\t\t\t\t<\/div>\n\t\t\t\t<\/div>\n\t\t<div class=\"elementor-element elementor-element-37b87d9 e-con-full e-flex e-con e-child\" data-id=\"37b87d9\" data-element_type=\"container\" data-e-type=\"container\" data-settings=\"{&quot;jet_parallax_layout_list&quot;:[]}\">\n\t\t\t\t<div class=\"elementor-element elementor-element-636e373 elementor-widget elementor-widget-text-editor\" data-id=\"636e373\" data-element_type=\"widget\" data-e-type=\"widget\" data-widget_type=\"text-editor.default\">\n\t\t\t\t<div class=\"elementor-widget-container\">\n\t\t\t\t\t\t\t\t\t<h3>Online and off\u00adline mar\u00adke\u00adting acti\u00advi\u00adties<\/h3><ul><li>Regio\u00adnal or, depen\u00adding on the tar\u00adget group, nati\u00adon\u00adwi\u00adde adver\u00adti\u00adsing<\/li><li>For-sale sign pla\u00adced on your pro\u00adper\u00adty<\/li><li>Matching with our cli\u00adent data\u00adba\u00adse and direct offers to pre-regis\u00adtered pro\u00ads\u00adpects<\/li><li>Tar\u00adge\u00adted mai\u00adlings to sel\u00adec\u00adted buy\u00ader groups<\/li><li>Use of our exten\u00adsi\u00adve pro\u00adfes\u00adsio\u00adnal net\u00adwork<\/li><li>Lis\u00adting your pro\u00adper\u00adty on major real estate plat\u00adforms such as Immoscout24, Immo\u00adnet, and Immo\u00adwelt<\/li><li>Publi\u00adca\u00adti\u00adon of the vir\u00adtu\u00adal 360\u00b0 pro\u00adper\u00adty tour<\/li><li>Optio\u00adnal: addi\u00adtio\u00adnal mar\u00adke\u00adting actions such as open house events or bid\u00adding pro\u00adce\u00addu\u00adres<\/li><\/ul>\t\t\t\t\t\t\t\t<\/div>\n\t\t\t\t<\/div>\n\t\t\t\t<\/div>\n\t\t\t\t<\/div>\n\t\t<div class=\"elementor-element elementor-element-c47e3b8 e-con-full e-flex e-con e-child\" data-id=\"c47e3b8\" data-element_type=\"container\" data-e-type=\"container\" data-settings=\"{&quot;jet_parallax_layout_list&quot;:[]}\">\n\t\t<div class=\"elementor-element elementor-element-fb1a517 e-con-full e-flex e-con e-child\" data-id=\"fb1a517\" data-element_type=\"container\" data-e-type=\"container\" data-settings=\"{&quot;jet_parallax_layout_list&quot;:[]}\">\n\t\t\t\t<div class=\"elementor-element elementor-element-574c30d elementor-widget elementor-widget-text-editor\" data-id=\"574c30d\" data-element_type=\"widget\" data-e-type=\"widget\" data-widget_type=\"text-editor.default\">\n\t\t\t\t<div class=\"elementor-widget-container\">\n\t\t\t\t\t\t\t\t\t<h3>Pro\u00adper\u00adty vie\u00adwings<\/h3><ul><li>Pre-qua\u00adli\u00adfi\u00adca\u00adti\u00adon of pro\u00ads\u00adpec\u00adti\u00adve buy\u00aders<\/li><li>Coor\u00addi\u00adna\u00adti\u00adon of vie\u00adw\u00ading appoint\u00adments<\/li><li>Pro\u00adfes\u00adsio\u00adnal exe\u00adcu\u00adti\u00adon of pro\u00adper\u00adty vie\u00adwings<\/li><li>Cre\u00addit check<\/li><li>Nego\u00adtia\u00adti\u00adon bet\u00adween buy\u00ader and sel\u00adler<\/li><\/ul>\t\t\t\t\t\t\t\t<\/div>\n\t\t\t\t<\/div>\n\t\t\t\t<\/div>\n\t\t<div class=\"elementor-element elementor-element-6cb7698 e-con-full e-flex e-con e-child\" data-id=\"6cb7698\" data-element_type=\"container\" data-e-type=\"container\" data-settings=\"{&quot;jet_parallax_layout_list&quot;:[]}\">\n\t\t\t\t<div class=\"elementor-element elementor-element-c7f05ff elementor-widget elementor-widget-text-editor\" data-id=\"c7f05ff\" data-element_type=\"widget\" data-e-type=\"widget\" data-widget_type=\"text-editor.default\">\n\t\t\t\t<div class=\"elementor-widget-container\">\n\t\t\t\t\t\t\t\t\t<h3>Sales con\u00adtract and pro\u00adper\u00adty trans\u00adfer<\/h3><ul><li>Optio\u00adnal: finan\u00adcing refer\u00adral ser\u00advices<\/li><li>Coor\u00addi\u00adna\u00adti\u00adon with the nota\u00adry<\/li><li>Purcha\u00adse con\u00adtract review with all par\u00adties invol\u00adved<\/li><li>Sup\u00adport during nota\u00adriza\u00adti\u00adon of the sales con\u00adtract<\/li><li>Sup\u00adport during pro\u00adper\u00adty han\u00addo\u00adver<\/li><li>Pre\u00adpa\u00adra\u00adti\u00adon of the han\u00addo\u00adver pro\u00adto\u00adcol<\/li><\/ul>\t\t\t\t\t\t\t\t<\/div>\n\t\t\t\t<\/div>\n\t\t\t\t<\/div>\n\t\t\t\t<\/div>\n\t\t\t\t\t<\/div>\n\t\t\t\t<\/div>\n\t\t<div class=\"elementor-element elementor-element-52651073 e-con-full e-grid e-con e-parent\" data-id=\"52651073\" data-element_type=\"container\" data-e-type=\"container\" data-settings=\"{&quot;background_background&quot;:&quot;classic&quot;,&quot;jet_parallax_layout_list&quot;:[]}\">\n\t\t<div class=\"elementor-element elementor-element-49c381d6 e-con-full e-flex e-con e-child\" data-id=\"49c381d6\" data-element_type=\"container\" data-e-type=\"container\" data-settings=\"{&quot;jet_parallax_layout_list&quot;:[]}\">\n\t\t\t\t<div class=\"elementor-element elementor-element-899973a elementor-widget elementor-widget-heading\" data-id=\"899973a\" data-element_type=\"widget\" data-e-type=\"widget\" data-widget_type=\"heading.default\">\n\t\t\t\t<div class=\"elementor-widget-container\">\n\t\t\t\t\t<h2 class=\"elementor-heading-title elementor-size-default\">Free Pro\u00adper\u00adty Valua\u00adti\u00adon<\/h2>\t\t\t\t<\/div>\n\t\t\t\t<\/div>\n\t\t\t\t<div class=\"elementor-element elementor-element-566aebf9 elementor-widget elementor-widget-heading\" data-id=\"566aebf9\" data-element_type=\"widget\" data-e-type=\"widget\" data-widget_type=\"heading.default\">\n\t\t\t\t<div class=\"elementor-widget-container\">\n\t\t\t\t\t<div class=\"elementor-heading-title elementor-size-default\">Deter\u00admi\u00adne your property\u2019s mar\u00adket value \u2013 free of char\u00adge and with no obli\u00adga\u00adti\u00adon.<\/div>\t\t\t\t<\/div>\n\t\t\t\t<\/div>\n\t\t\t\t<div class=\"elementor-element elementor-element-3f1ac04 elementor-widget elementor-widget-button\" data-id=\"3f1ac04\" data-element_type=\"widget\" data-e-type=\"widget\" data-widget_type=\"button.default\">\n\t\t\t\t<div class=\"elementor-widget-container\">\n\t\t\t\t\t\t\t\t\t<div class=\"elementor-button-wrapper\">\n\t\t\t\t\t<a class=\"elementor-button elementor-button-link elementor-size-sm\" href=\"https:\/\/www.flietnerimmobilien.de\/en\/wertermittlung\/\">\n\t\t\t\t\t\t<span class=\"elementor-button-content-wrapper\">\n\t\t\t\t\t\t<span class=\"elementor-button-icon\">\n\t\t\t\t<svg aria-hidden=\"true\" class=\"e-font-icon-svg e-fas-chevron-right\" viewBox=\"0 0 320 512\"><path d=\"M285.476 272.971L91.132 467.314c-9.373 9.373-24.569 9.373-33.941 0l-22.667-22.667c-9.357-9.357-9.375-24.522-.04-33.901L188.505 256 34.484 101.255c-9.335-9.379-9.317-24.544.04-33.901l22.667-22.667c9.373-9.373 24.569-9.373 33.941 0L285.475 239.03c9.373 9.372 9.373 24.568.001 33.941z\" \/><\/svg>\t\t\t<\/span>\n\t\t\t\t\t\t\t\t\t<span class=\"elementor-button-text\">START YOUR FREE VALUATION HERE<\/span>\n\t\t\t\t\t<\/span>\n\t\t\t\t\t<\/a>\n\t\t\t\t<\/div>\n\t\t\t\t\t\t\t\t<\/div>\n\t\t\t\t<\/div>\n\t\t\t\t<\/div>\n\t\t<div class=\"elementor-element elementor-element-44725715 e-con-full e-flex e-con e-child\" data-id=\"44725715\" data-element_type=\"container\" data-e-type=\"container\" data-settings=\"{&quot;jet_parallax_layout_list&quot;:[]}\">\n\t\t\t\t<div class=\"elementor-element elementor-element-492884ff elementor-widget elementor-widget-image\" data-id=\"492884ff\" data-element_type=\"widget\" data-e-type=\"widget\" data-widget_type=\"image.default\">\n\t\t\t\t<div class=\"elementor-widget-container\">\n\t\t\t\t\t\t\t\t\t\t\t\t\t\t\t<img fetchpriority=\"high\" decoding=\"async\" width=\"800\" height=\"461\" src=\"https:\/\/www.flietnerimmobilien.de\/wp-content\/uploads\/2025\/03\/Bilder_zugeschnitten1-1024x590.jpg\" class=\"elementor-animation-grow attachment-large size-large wp-image-618\" alt srcset=\"https:\/\/www.flietnerimmobilien.de\/wp-content\/uploads\/2025\/03\/Bilder_zugeschnitten1-1024x590.jpg 1024w, https:\/\/www.flietnerimmobilien.de\/wp-content\/uploads\/2025\/03\/Bilder_zugeschnitten1-300x173.jpg 300w, https:\/\/www.flietnerimmobilien.de\/wp-content\/uploads\/2025\/03\/Bilder_zugeschnitten1-768x443.jpg 768w, https:\/\/www.flietnerimmobilien.de\/wp-content\/uploads\/2025\/03\/Bilder_zugeschnitten1-1536x885.jpg 1536w, https:\/\/www.flietnerimmobilien.de\/wp-content\/uploads\/2025\/03\/Bilder_zugeschnitten1-2048x1180.jpg 2048w, https:\/\/www.flietnerimmobilien.de\/wp-content\/uploads\/2025\/03\/Bilder_zugeschnitten1-18x10.jpg 18w\" sizes=\"(max-width: 800px) 100vw, 800px\">\t\t\t\t\t\t\t\t\t\t\t\t\t\t\t<\/div>\n\t\t\t\t<\/div>\n\t\t\t\t<\/div>\n\t\t\t\t<\/div>\n\t\t<div class=\"elementor-element elementor-element-d4b4465 e-flex e-con-boxed e-con e-parent\" data-id=\"d4b4465\" data-element_type=\"container\" data-e-type=\"container\" data-settings=\"{&quot;jet_parallax_layout_list&quot;:[],&quot;background_background&quot;:&quot;classic&quot;}\">\n\t\t\t\t\t<div class=\"e-con-inner\">\n\t\t\t\t<div class=\"elementor-element elementor-element-e589935 elementor-widget elementor-widget-heading\" data-id=\"e589935\" data-element_type=\"widget\" data-e-type=\"widget\" data-widget_type=\"heading.default\">\n\t\t\t\t<div class=\"elementor-widget-container\">\n\t\t\t\t\t<h2 class=\"elementor-heading-title elementor-size-default\">Cus\u00adto\u00admer Tes\u00adti\u00admo\u00adni\u00adals:<\/h2>\t\t\t\t<\/div>\n\t\t\t\t<\/div>\n\t\t\t\t<div class=\"elementor-element elementor-element-55dc2ac elementor-widget elementor-widget-global elementor-global-395 elementor-widget-jet-testimonials\" data-id=\"55dc2ac\" data-element_type=\"widget\" data-e-type=\"widget\" data-settings=\"{&quot;slides_to_show&quot;:&quot;1&quot;,&quot;slides_to_scroll&quot;:&quot;1&quot;}\" data-widget_type=\"jet-testimonials.default\">\n\t\t\t\t<div class=\"elementor-widget-container\">\n\t\t\t\t\t<div class=\"elementor-jet-testimonials jet-elements\">\n<div class=\"jet-testimonials jet-equal-cols\">\n\t<div class=\"jet-testimonials__instance elementor-slick-slider\" data-settings=\"{&quot;autoplaySpeed&quot;:5000,&quot;autoplay&quot;:true,&quot;infinite&quot;:true,&quot;centerMode&quot;:false,&quot;centerPadding&quot;:&quot;50px&quot;,&quot;adaptiveHeight&quot;:true,&quot;pauseOnHover&quot;:false,&quot;speed&quot;:500,&quot;arrows&quot;:false,&quot;dots&quot;:true,&quot;slidesToScroll&quot;:1,&quot;prevArrow&quot;:&quot;.jet-testimonial__prev-arrow-55dc2ac&quot;,&quot;nextArrow&quot;:&quot;.jet-testimonial__next-arrow-55dc2ac&quot;,&quot;rtl&quot;:false}\" dir=\"ltr\"><div class=\"jet-testimonials__item\">\n\t<div class=\"jet-testimonials__item-inner\">\n\t\t\t\t<div class=\"jet-testimonials__content\"><div class=\"jet-testimonials__comment\">Ms. Fliet\u00adner accom\u00adpa\u00adnied us pro\u00adfes\u00adsio\u00adnal\u00adly and com\u00adpe\u00adtent\u00adly from the first con\u00adver\u00adsa\u00adti\u00adon to the han\u00addo\u00adver of our new dream home. We great\u00adly app\u00adre\u00adcia\u00adted her fri\u00adend\u00adly and honest approach. Addi\u00adtio\u00adnal\u00adly, Ms. Fliet\u00adner was very fle\u00adxi\u00adble when it came to sche\u00addu\u00adling appoint\u00adments. If we ever nee\u00added to search for a pro\u00adper\u00adty again, we would cer\u00adtain\u00adly turn to Ms. Flietner\u2019s real estate agen\u00adcy. We can only high\u00adly recom\u00admend Ms. Fliet\u00adner!<\/div><div class=\"jet-testimonials__name\"><span>The Lenne\u00adcke fami\u00adly<\/span><\/div><\/div>\n\t\t\t<\/div>\n<\/div>\n\n<div class=\"jet-testimonials__item\">\n\t<div class=\"jet-testimonials__item-inner\">\n\t\t\t\t<div class=\"jet-testimonials__content\"><div class=\"jet-testimonials__comment\">Thanks to her con\u00adsis\u00adt\u00adent\u00adly prompt, straight\u00adfor\u00adward, and pro\u00adfes\u00adsio\u00adnal\u00adly com\u00adpe\u00adtent assis\u00adtance, I have always been matched with relia\u00adble and plea\u00adsant ten\u00adants. I great\u00adly app\u00adre\u00adcia\u00adte her quick respon\u00adses and her wil\u00adling\u00adness to car\u00adry out all neces\u00adsa\u00adry tasks expert\u00adly and effi\u00adci\u00adent\u00adly.<\/div><div class=\"jet-testimonials__name\"><span>Mat\u00adto\u00adlat-Spin\u00adnar\u00adke, Office for Legal Care<\/span><\/div><\/div>\n\t\t\t<\/div>\n<\/div>\n\n<div class=\"jet-testimonials__item\">\n\t<div class=\"jet-testimonials__item-inner\">\n\t\t\t\t<div class=\"jet-testimonials__content\"><div class=\"jet-testimonials__comment\">In the last 4 years we had the plea\u00adsu\u00adre to work with Manue\u00adla 2 times. Ever\u00ady\u00adti\u00adme she did her job excep\u00adtio\u00adnal\u00adly. She was very hel\u00adpfull in fin\u00adding the right house for us. She ans\u00adwe\u00adred any ques\u00adti\u00adons, hel\u00adped us when we had any pro\u00adblem, pre\u00adpared all the paper work fast, but still very pro\u00adfes\u00adsio\u00adnal. So we can warm\u00adly recom\u00admend her if you need a good real estate agent!<\/div><div class=\"jet-testimonials__name\"><span>Ion Mel\u00adnic<\/span><\/div><\/div>\n\t\t\t<\/div>\n<\/div>\n\n<div class=\"jet-testimonials__item\">\n\t<div class=\"jet-testimonials__item-inner\">\n\t\t\t\t<div class=\"jet-testimonials__content\"><div class=\"jet-testimonials__comment\">The ten\u00adant chan\u00adge for my house was hand\u00adled very pro\u00adfes\u00adsio\u00adnal\u00adly and plea\u00adsant\u00adly by Ms. Fliet\u00adner. I am very gra\u00adteful for that.<\/div><div class=\"jet-testimonials__name\"><span>Stef\u00adfi Kratz<\/span><\/div><\/div>\n\t\t\t<\/div>\n<\/div>\n\n<div class=\"jet-testimonials__item\">\n\t<div class=\"jet-testimonials__item-inner\">\n\t\t\t\t<div class=\"jet-testimonials__content\"><div class=\"jet-testimonials__comment\">We found a house to rent through Ms. Fliet\u00adner. She took a lot of time to inform us tho\u00adrough\u00adly about the pro\u00adper\u00adty and even pro\u00advi\u00added excel\u00adlent sup\u00adport after we signed the ren\u00adtal con\u00adtract. A real estate agent who puts pas\u00adsi\u00adon and heart into her work and takes the time to care. Thank you for the gre\u00adat ser\u00advice, we are hap\u00adpy to recom\u00admend you!<\/div><div class=\"jet-testimonials__name\"><span>Jen\u00adny Knie\u00adling and Tor\u00adben Wes\u00adsel<\/span><\/div><\/div>\n\t\t\t<\/div>\n<\/div>\n\n<div class=\"jet-testimonials__item\">\n\t<div class=\"jet-testimonials__item-inner\">\n\t\t\t\t<div class=\"jet-testimonials__content\"><div class=\"jet-testimonials__comment\">During our ten\u00adant chan\u00adge, we were abso\u00adlut\u00ade\u00adly com\u00adpe\u00adtent\u00adly advi\u00adsed and sup\u00adport\u00aded by Ms. Fliet\u00adner, who gui\u00added us through the enti\u00adre con\u00adtract pro\u00adcess with gre\u00adat loyal\u00adty and exper\u00adti\u00adse. We felt com\u00adple\u00adte\u00adly taken care of with this real estate agent and can only high\u00adly recom\u00admend her.<\/div><div class=\"jet-testimonials__name\"><span>Gabi G\u00f6bl<\/span><\/div><\/div>\n\t\t\t<\/div>\n<\/div>\n\n<div class=\"jet-testimonials__item\">\n\t<div class=\"jet-testimonials__item-inner\">\n\t\t\t\t<div class=\"jet-testimonials__content\"><div class=\"jet-testimonials__comment\">We ent\u00adrus\u00adted Ms. Fliet\u00adner with ren\u00adting out our apart\u00adment, and we were very satis\u00adfied with the enti\u00adre pro\u00adcess. The expo\u00ads\u00e9 was infor\u00adma\u00adti\u00adve and attrac\u00adtively desi\u00adgned. The fri\u00adend\u00adly and pro\u00adfes\u00adsio\u00adnal real estate agent pro\u00advi\u00added us with com\u00adpe\u00adtent, tho\u00adrough, and honest advice. She was always available to us and kept us infor\u00admed about the sta\u00adtus of the ren\u00adtal pro\u00adcess. Cus\u00adto\u00admer inqui\u00adries were respon\u00added to prompt\u00adly. It is worth men\u00adtio\u00adning that she took per\u00adso\u00adnal time for each pro\u00ads\u00adpec\u00adti\u00adve ten\u00adant during the vie\u00adwings. This made our decis\u00adi\u00adon much easier. Fliet\u00adner Immo\u00adbi\u00adli\u00aden GmbH is a clear recom\u00admen\u00adda\u00adti\u00adon for a very good real estate com\u00adpa\u00adny. When we rent out an apart\u00adment again, we will defi\u00adni\u00adte\u00adly seek your sup\u00adport. Thank you!<\/div><div class=\"jet-testimonials__name\"><span>Tho\u00admas Schon\u00adhart<\/span><\/div><\/div>\n\t\t\t<\/div>\n<\/div>\n\n<div class=\"jet-testimonials__item\">\n\t<div class=\"jet-testimonials__item-inner\">\n\t\t\t\t<div class=\"jet-testimonials__content\"><div class=\"jet-testimonials__comment\">We had a very good col\u00adla\u00adbo\u00adra\u00adti\u00adon with Manue\u00adla Fliet\u00adner. She pro\u00advi\u00added us with excel\u00adlent and com\u00adpe\u00adtent advice regar\u00adding the ren\u00adtal of the house and sup\u00adport\u00aded us with gre\u00adat dedi\u00adca\u00adti\u00adon during both the initi\u00adal ren\u00adtal and the ten\u00adant chan\u00adge, to our com\u00adple\u00adte satis\u00adfac\u00adtion. We are hap\u00adpy to recom\u00admend her.<\/div><div class=\"jet-testimonials__name\"><span>Eri\u00adka Held<\/span><\/div><\/div>\n\t\t\t<\/div>\n<\/div>\n\n<\/div>\n<\/div>\n<\/div>\t\t\t\t<\/div>\n\t\t\t\t<\/div>\n\t\t\t\t\t<\/div>\n\t\t\t\t<\/div>\n\t\t\t\t<\/div>","protected":false},"excerpt":{"rendered":"<p>Sie wollen Ihre Immobilie verkaufen? Wir verstehen uns als Dienstleister mit einem klaren Auftrag \u2013 Ihre Immobilie bestm\u00f6glich zu vermarkten. Das bedeutet f\u00fcr uns, Ihre Immobilie zum bestm\u00f6glichen Preis innerhalb der k\u00fcrzest m\u00f6glichen Zeitspanne zu vermitteln \u2013 ohne Besichtigungstourismus, ohne geplatzte Notarvertr\u00e4ge und ohne Stress. Alle T\u00e4tigkeiten werden im Vorfeld mit Ihnen besprochen und wir [&hellip;]<\/p>\n","protected":false},"author":1,"featured_media":0,"parent":0,"menu_order":0,"comment_status":"closed","ping_status":"closed","template":"","meta":{"wp_typography_post_enhancements_disabled":false,"footnotes":""},"class_list":["post-68","page","type-page","status-publish","hentry"],"_links":{"self":[{"href":"https:\/\/www.flietnerimmobilien.de\/en\/wp-json\/wp\/v2\/pages\/68","targetHints":{"allow":["GET"]}}],"collection":[{"href":"https:\/\/www.flietnerimmobilien.de\/en\/wp-json\/wp\/v2\/pages"}],"about":[{"href":"https:\/\/www.flietnerimmobilien.de\/en\/wp-json\/wp\/v2\/types\/page"}],"author":[{"embeddable":true,"href":"https:\/\/www.flietnerimmobilien.de\/en\/wp-json\/wp\/v2\/users\/1"}],"replies":[{"embeddable":true,"href":"https:\/\/www.flietnerimmobilien.de\/en\/wp-json\/wp\/v2\/comments?post=68"}],"version-history":[{"count":28,"href":"https:\/\/www.flietnerimmobilien.de\/en\/wp-json\/wp\/v2\/pages\/68\/revisions"}],"predecessor-version":[{"id":1484,"href":"https:\/\/www.flietnerimmobilien.de\/en\/wp-json\/wp\/v2\/pages\/68\/revisions\/1484"}],"wp:attachment":[{"href":"https:\/\/www.flietnerimmobilien.de\/en\/wp-json\/wp\/v2\/media?parent=68"}],"curies":[{"name":"wp","href":"https:\/\/api.w.org\/{rel}","templated":true}]}}