{"id":485,"date":"2025-03-14T15:13:29","date_gmt":"2025-03-14T14:13:29","guid":{"rendered":"https:\/\/flietnerimmobilien.dev-so.de\/?page_id=485"},"modified":"2025-03-20T21:07:56","modified_gmt":"2025-03-20T20:07:56","slug":"wertermittlung","status":"publish","type":"page","link":"https:\/\/www.flietnerimmobilien.de\/en\/wertermittlung\/","title":{"rendered":"Wert\u00adermitt\u00adlung"},"content":{"rendered":"\t\t<div data-elementor-type=\"wp-page\" data-elementor-id=\"485\" class=\"elementor elementor-485\" data-elementor-post-type=\"page\">\n\t\t\t\t<div class=\"elementor-element elementor-element-c605c66 e-con-full e-flex e-con e-parent\" data-id=\"c605c66\" data-element_type=\"container\" data-e-type=\"container\" data-settings=\"{&quot;jet_parallax_layout_list&quot;:[],&quot;background_background&quot;:&quot;classic&quot;}\">\n\t\t<div class=\"elementor-element elementor-element-978a390 e-con-full e-flex e-con e-child\" data-id=\"978a390\" data-element_type=\"container\" data-e-type=\"container\" data-settings=\"{&quot;jet_parallax_layout_list&quot;:[]}\">\n\t\t<div class=\"elementor-element elementor-element-e8905b7 e-con-full e-flex e-con e-child\" data-id=\"e8905b7\" data-element_type=\"container\" data-e-type=\"container\" data-settings=\"{&quot;jet_parallax_layout_list&quot;:[]}\">\n\t\t\t\t<div class=\"elementor-element elementor-element-4431647 elementor-widget elementor-widget-heading\" data-id=\"4431647\" data-element_type=\"widget\" data-e-type=\"widget\" data-widget_type=\"heading.default\">\n\t\t\t\t<div class=\"elementor-widget-container\">\n\t\t\t\t\t<h2 class=\"elementor-heading-title elementor-size-default\">Kostenlose Wertermittlung<\/h2>\t\t\t\t<\/div>\n\t\t\t\t<\/div>\n\t\t\t\t<\/div>\n\t\t\t\t<\/div>\n\t\t\t\t<\/div>\n\t\t<div class=\"elementor-element elementor-element-8898ee7 e-flex e-con-boxed e-con e-parent\" data-id=\"8898ee7\" data-element_type=\"container\" data-e-type=\"container\" data-settings=\"{&quot;jet_parallax_layout_list&quot;:[]}\">\n\t\t\t\t\t<div class=\"e-con-inner\">\n\t\t\t\t<div class=\"elementor-element elementor-element-311ec62 elementor-widget elementor-widget-heading\" data-id=\"311ec62\" data-element_type=\"widget\" data-e-type=\"widget\" data-widget_type=\"heading.default\">\n\t\t\t\t<div class=\"elementor-widget-container\">\n\t\t\t\t\t<h2 class=\"elementor-heading-title elementor-size-default\">Jetzt kostenlos und unverbindlich den Wert Ihrer\nImmobilie ermitteln.<\/h2>\t\t\t\t<\/div>\n\t\t\t\t<\/div>\n\t\t\t\t\t<\/div>\n\t\t\t\t<\/div>\n\t\t<div class=\"elementor-element elementor-element-0714611 e-flex e-con-boxed e-con e-parent\" data-id=\"0714611\" data-element_type=\"container\" data-e-type=\"container\" data-settings=\"{&quot;jet_parallax_layout_list&quot;:[]}\">\n\t\t\t\t\t<div class=\"e-con-inner\">\n\t\t\t\t<div class=\"elementor-element elementor-element-8dbdddd elementor-widget elementor-widget-jet-form-builder-form\" data-id=\"8dbdddd\" data-element_type=\"widget\" data-e-type=\"widget\" id=\"wertermittlung-form\" data-widget_type=\"jet-form-builder-form.default\">\n\t\t\t\t<div class=\"elementor-widget-container\">\n\t\t\t\t\t<link rel='stylesheet' id='wp-block-library-css' href='https:\/\/www.flietnerimmobilien.de\/wp-includes\/css\/dist\/block-library\/style.min.css?ver=6.9.4' media='all' \/>\n<style id=\"jet-form-builder-995-inline-css\"><\/style><form  class=\"jet-form-builder layout-column submit-type-ajax\" action=\"https:\/\/www.flietnerimmobilien.de\/en\/wp-json\/wp\/v2\/pages\/485\/?KQ3Sq4=VdN8qBUJ7e&amp;method=reload\" method=\"POST\" data-form-id=\"995\" data-layout=\"column\" enctype=\"multipart\/form-data\" data-clear=\"1\" novalidate=\"null\" ssr_validation_method=\"rest\"><input type=\"hidden\" id=\"_wpnonce\" name=\"_wpnonce\" value=\"9af88fca2a\" \/><input type=\"hidden\" name=\"_wp_http_referer\" value=\"\/en\/wp-json\/wp\/v2\/pages\/485\" \/>\r\n<input type=\"hidden\" name=\"_jfb_current_render_states[]\" value=\"DEFAULT.STATE\" data-jfb-sync \/><input type=\"hidden\" class=\"jet-form-builder__field hidden-field\" name=\"_jet_engine_booking_form_id\" data-field-name=\"_jet_engine_booking_form_id\" value=\"995\">\n<input type=\"hidden\" class=\"jet-form-builder__field hidden-field\" name=\"_jet_engine_refer\" data-field-name=\"_jet_engine_refer\" value=\"https:\/\/www.flietnerimmobilien.de\/en\/wp-json\/wp\/v2\/pages\/485\/\">\n<input type=\"hidden\" class=\"jet-form-builder__field hidden-field\" name=\"__queried_post_id\" data-field-name=\"__queried_post_id\" value=\"485\">\n\n<input type=\"hidden\" class=\"jet-form-builder__field hidden-field\" name=\"post_id\" data-field-name=\"post_id\" data-jfb-sync=\"null\" value=\"Wertermittlung\">\n\n\n\n<div class=\"jet-form-builder__conditional \" data-jfb-conditional=\"[]\" data-jfb-func=\"\">\n<div  class=\"jet-form-builder-row field-type-radio-field wp-block-jet-forms-radio-field\">\n<div class=\"jet-form-builder__fields-group checkradio-wrap\" data-jfb-sync><div class=\"jet-form-builder__field-wrap radio-wrap checkradio-wrap\"><label class=\"jet-form-builder__field-label for-radio\">\n<input type=\"radio\" name=\"Immobilienart\" value=\"Haus\" data-field-name=\"Immobilienart\"  class=\"jet-form-builder__field radio-field checkradio-field select-imo-type\" required=\"required\"><span>Haus<\/span><\/label><\/div><div class=\"jet-form-builder__field-wrap radio-wrap checkradio-wrap\"><label class=\"jet-form-builder__field-label for-radio\">\n<input type=\"radio\" name=\"Immobilienart\" value=\"Wohnung\" data-field-name=\"Immobilienart\"  class=\"jet-form-builder__field radio-field checkradio-field select-imo-type\" required=\"required\"><span>Wohnung<\/span><\/label><\/div><div class=\"jet-form-builder__field-wrap radio-wrap checkradio-wrap\"><label class=\"jet-form-builder__field-label for-radio\">\n<input type=\"radio\" name=\"Immobilienart\" value=\"Grundst\u00fcck\" data-field-name=\"Immobilienart\"  class=\"jet-form-builder__field radio-field checkradio-field select-imo-type\" required=\"required\"><span>Grundst\u00fcck<\/span><\/label><\/div><div class=\"jet-form-builder__field-wrap radio-wrap checkradio-wrap\"><label class=\"jet-form-builder__field-label for-radio\">\n<input type=\"radio\" name=\"Immobilienart\" value=\"Gewerbe\" data-field-name=\"Immobilienart\"  class=\"jet-form-builder__field radio-field checkradio-field select-imo-type\" required=\"required\"><span>Gewerbe<\/span><\/label><\/div><\/div>\n<\/div>\n<\/div>\n\n<div class=\"jet-form-builder__conditional \" data-jfb-conditional=\"[{&quot;operator&quot;:&quot;equal&quot;,&quot;value&quot;:&quot;Haus&quot;,&quot;field&quot;:&quot;Immobilienart&quot;,&quot;use_preset&quot;:false}]\" data-jfb-func=\"show\">\n\n<div class=\"wp-block-columns is-layout-flex wp-container-core-columns-is-layout-9d6595d7 wp-block-columns-is-layout-flex\">\n<div class=\"wp-block-column is-layout-flow wp-block-column-is-layout-flow\"><div  class=\"jet-form-builder-row field-type-text-field\" >\n<div class=\"jet-form-builder__label\">\r\n<div class=\"jet-form-builder__label-text\">Baujahr<\/div><\/div><div class=\"jet-form-builder__field-wrap\">\n\t\t\t\t<input name=\"baujahr_h\" id=\"baujahr_h\" type=\"text\" data-field-name=\"baujahr_h\" class=\"jet-form-builder__field text-field\" data-jfb-sync=\"null\" autocomplete=\"off_HfbFdcSP\">\n\t\t\t\t\t<\/div>\n<\/div><\/div>\n\n\n\n<div class=\"wp-block-column is-layout-flow wp-block-column-is-layout-flow\"><div  class=\"jet-form-builder-row field-type-text-field\" >\n<div class=\"jet-form-builder__label\">\r\n<div class=\"jet-form-builder__label-text\">Grundst\u00fcckfl\u00e4che<\/div><\/div><div class=\"jet-form-builder__field-wrap\">\n\t\t\t\t<input placeholder=\"Angabe in m\u00b2\" name=\"grunstueckflaeche_h\" id=\"grunstueckflaeche_h\" type=\"text\" data-field-name=\"grunstueckflaeche_h\" class=\"jet-form-builder__field text-field\" data-jfb-sync=\"null\" autocomplete=\"off_i5sgaKJC\">\n\t\t\t\t\t<\/div>\n<\/div><\/div>\n\n\n\n<div class=\"wp-block-column is-layout-flow wp-block-column-is-layout-flow\"><div  class=\"jet-form-builder-row field-type-text-field\" >\n<div class=\"jet-form-builder__label\">\r\n<div class=\"jet-form-builder__label-text\">Wohnfl\u00e4che<\/div><\/div><div class=\"jet-form-builder__field-wrap\">\n\t\t\t\t<input placeholder=\"Angabe in m\u00b2\" name=\"wohnflaeche_h\" id=\"wohnflaeche_h\" type=\"text\" data-field-name=\"wohnflaeche_h\" class=\"jet-form-builder__field text-field\" data-jfb-sync=\"null\" autocomplete=\"off_kLacNQ4J\">\n\t\t\t\t\t<\/div>\n<\/div><\/div>\n<\/div>\n\n<\/div>\n\n<div class=\"jet-form-builder__conditional \" data-jfb-conditional=\"[{&quot;operator&quot;:&quot;equal&quot;,&quot;value&quot;:&quot;Wohnung&quot;,&quot;field&quot;:&quot;Immobilienart&quot;,&quot;use_preset&quot;:false}]\" data-jfb-func=\"{&quot;show&quot;:{&quot;dom&quot;:false}}\">\n\n<div class=\"wp-block-columns is-layout-flex wp-container-core-columns-is-layout-9d6595d7 wp-block-columns-is-layout-flex\">\n<div class=\"wp-block-column is-layout-flow wp-block-column-is-layout-flow\"><div  class=\"jet-form-builder-row field-type-text-field\" >\n<div class=\"jet-form-builder__label\">\r\n<div class=\"jet-form-builder__label-text\">Baujahr<\/div><\/div><div class=\"jet-form-builder__field-wrap\">\n\t\t\t\t<input placeholder=\"PLZ \/ Ort\" name=\"baujahr_w\" id=\"baujahr_w\" type=\"text\" data-field-name=\"baujahr_w\" class=\"jet-form-builder__field text-field\" data-jfb-sync=\"null\" autocomplete=\"off_B1k9zuVF\">\n\t\t\t\t\t<\/div>\n<\/div><\/div>\n\n\n\n<div class=\"wp-block-column is-layout-flow wp-block-column-is-layout-flow\"><div  class=\"jet-form-builder-row field-type-text-field\" >\n<div class=\"jet-form-builder__label\">\r\n<div class=\"jet-form-builder__label-text\">Wohnfl\u00e4che<\/div><\/div><div class=\"jet-form-builder__field-wrap\">\n\t\t\t\t<input placeholder=\"Angabe in m\u00b2\" name=\"wohnflaeche_w\" id=\"wohnflaeche_w\" type=\"text\" data-field-name=\"wohnflaeche_w\" class=\"jet-form-builder__field text-field\" data-jfb-sync=\"null\" autocomplete=\"off_U5OJTNaG\">\n\t\t\t\t\t<\/div>\n<\/div><\/div>\n\n\n\n<div class=\"wp-block-column is-layout-flow wp-block-column-is-layout-flow\"><\/div>\n<\/div>\n\n<\/div>\n\n<div class=\"jet-form-builder__conditional \" data-jfb-conditional=\"[{&quot;operator&quot;:&quot;equal&quot;,&quot;value&quot;:&quot;Grundst\\u00fcck&quot;,&quot;field&quot;:&quot;Immobilienart&quot;,&quot;use_preset&quot;:false}]\" data-jfb-func=\"show\">\n\n<div class=\"wp-block-columns is-layout-flex wp-container-core-columns-is-layout-9d6595d7 wp-block-columns-is-layout-flex\">\n<div class=\"wp-block-column is-layout-flow wp-block-column-is-layout-flow\"><div  class=\"jet-form-builder-row field-type-text-field\" >\n<div class=\"jet-form-builder__label\">\r\n<div class=\"jet-form-builder__label-text\">Grunst\u00fcckfl\u00e4che<\/div><\/div><div class=\"jet-form-builder__field-wrap\">\n\t\t\t\t<input placeholder=\"Angabe in m\u00b2\" name=\"grunstueckflaeche_g\" id=\"grunstueckflaeche_g\" type=\"text\" data-field-name=\"grunstueckflaeche_g\" class=\"jet-form-builder__field text-field\" data-jfb-sync=\"null\" autocomplete=\"off_dXr3m8PW\">\n\t\t\t\t\t<\/div>\n<\/div><\/div>\n\n\n\n<div class=\"wp-block-column is-layout-flow wp-block-column-is-layout-flow\"><\/div>\n\n\n\n<div class=\"wp-block-column is-layout-flow wp-block-column-is-layout-flow\"><\/div>\n<\/div>\n\n<\/div>\n\n<div class=\"jet-form-builder__conditional \" data-jfb-conditional=\"[{&quot;operator&quot;:&quot;equal&quot;,&quot;value&quot;:&quot;Gewerbe&quot;,&quot;field&quot;:&quot;Immobilienart&quot;,&quot;use_preset&quot;:false}]\" data-jfb-func=\"show\">\n\n<div class=\"wp-block-columns is-layout-flex wp-container-core-columns-is-layout-9d6595d7 wp-block-columns-is-layout-flex\">\n<div class=\"wp-block-column is-layout-flow wp-block-column-is-layout-flow\"><div  class=\"jet-form-builder-row field-type-text-field\" >\n<div class=\"jet-form-builder__label\">\r\n<div class=\"jet-form-builder__label-text\">Baujahr<\/div><\/div><div class=\"jet-form-builder__field-wrap\">\n\t\t\t\t<input name=\"baujahr_c\" id=\"baujahr_c\" type=\"text\" data-field-name=\"baujahr_c\" class=\"jet-form-builder__field text-field\" data-jfb-sync=\"null\" autocomplete=\"off_YT3nGyRJ\">\n\t\t\t\t\t<\/div>\n<\/div><\/div>\n\n\n\n<div class=\"wp-block-column is-layout-flow wp-block-column-is-layout-flow\"><div  class=\"jet-form-builder-row field-type-text-field\" >\n<div class=\"jet-form-builder__label\">\r\n<div class=\"jet-form-builder__label-text\">Nutzfl\u00e4che<\/div><\/div><div class=\"jet-form-builder__field-wrap\">\n\t\t\t\t<input placeholder=\"Angabe in m\u00b2\" name=\"nutzflaeche_c\" id=\"nutzflaeche_c\" type=\"text\" data-field-name=\"nutzflaeche_c\" class=\"jet-form-builder__field text-field\" data-jfb-sync=\"null\" autocomplete=\"off_89ouQgGe\">\n\t\t\t\t\t<\/div>\n<\/div><\/div>\n\n\n\n<div class=\"wp-block-column is-layout-flow wp-block-column-is-layout-flow\"><\/div>\n<\/div>\n\n<\/div>\n\n<div class=\"jet-form-builder__conditional \" data-jfb-conditional=\"[{&quot;operator&quot;:&quot;not_empty&quot;,&quot;value&quot;:&quot;&quot;,&quot;field&quot;:&quot;grunstueckflaeche_h&quot;,&quot;use_preset&quot;:false},{&quot;__visible&quot;:false,&quot;or_operator&quot;:true},{&quot;operator&quot;:&quot;not_empty&quot;,&quot;value&quot;:&quot;&quot;,&quot;field&quot;:&quot;baujahr_h&quot;,&quot;use_preset&quot;:false},{&quot;__visible&quot;:false,&quot;or_operator&quot;:true},{&quot;operator&quot;:&quot;not_empty&quot;,&quot;value&quot;:&quot;&quot;,&quot;field&quot;:&quot;wohnflaeche_h&quot;,&quot;use_preset&quot;:false},{&quot;__visible&quot;:false,&quot;or_operator&quot;:true},{&quot;operator&quot;:&quot;not_empty&quot;,&quot;value&quot;:&quot;&quot;,&quot;field&quot;:&quot;wohnflaeche_w&quot;,&quot;use_preset&quot;:false},{&quot;__visible&quot;:false,&quot;or_operator&quot;:true},{&quot;operator&quot;:&quot;not_empty&quot;,&quot;value&quot;:&quot;&quot;,&quot;field&quot;:&quot;baujahr_w&quot;,&quot;use_preset&quot;:false},{&quot;__visible&quot;:false,&quot;or_operator&quot;:true},{&quot;operator&quot;:&quot;not_empty&quot;,&quot;value&quot;:&quot;&quot;,&quot;field&quot;:&quot;grunstueckflaeche_g&quot;,&quot;use_preset&quot;:false},{&quot;__visible&quot;:false,&quot;or_operator&quot;:true},{&quot;operator&quot;:&quot;not_empty&quot;,&quot;value&quot;:&quot;&quot;,&quot;field&quot;:&quot;nutzflaeche_c&quot;,&quot;use_preset&quot;:false},{&quot;__visible&quot;:false,&quot;or_operator&quot;:true},{&quot;operator&quot;:&quot;not_empty&quot;,&quot;value&quot;:&quot;&quot;,&quot;field&quot;:&quot;baujahr_c&quot;,&quot;use_preset&quot;:false}]\" data-jfb-func=\"show\">\n<div  class=\"jet-form-builder-row field-type-textarea-field\" >\n<div class=\"jet-form-builder__label\">\r\n<div class=\"jet-form-builder__label-text\">Gegebenenfalls zus\u00e4tzliche Informationen (optional)<\/div><\/div><div class=\"jet-form-builder__field-wrap\">\n\t\t<textarea class=\"jet-form-builder__field textarea-field\" name=\"zusaetzliche_informationen\" data-field-name=\"zusaetzliche_informationen\" id=\"zusaetzliche_informationen\" data-jfb-sync=\"null\"><\/textarea>\n\t<\/div>\n<\/div>\n\n<div  class=\"jet-form-builder-row field-type-media-field\" >\n<template class=\"jet-form-builder__preview-template\"><div class=\"jet-form-builder-file-upload__file\" data-file=\"%file_url%\">\n\t<!-- preview -->\n\t<!-- field -->\n\t<div class=\"jet-form-builder-file-upload__file-remove\" data-file-name=\"%file_name%\">\n\t\t<svg width=\"22\" height=\"22\" viewBox=\"0 0 14 15\" fill=\"none\" xmlns=\"http:\/\/www.w3.org\/2000\/svg\">\n\t\t\t<path d=\"M4.375 7H6.125V12.25H4.375V7ZM7.875 7H9.625V12.25H7.875V7ZM10.5 1.75C10.5 1.51302 10.4134 1.30794 10.2402 1.13477C10.0762 0.961589 9.87109 0.875 9.625 0.875H4.375C4.12891 0.875 3.91927 0.961589 3.74609 1.13477C3.58203 1.30794 3.5 1.51302 3.5 1.75V3.5H0V5.25H0.875V14C0.875 14.237 0.957031 14.4421 1.12109 14.6152C1.29427 14.7884 1.50391 14.875 1.75 14.875H12.25C12.4961 14.875 12.7012 14.7884 12.8652 14.6152C13.0384 14.4421 13.125 14.237 13.125 14V5.25H14V3.5H10.5V1.75ZM5.25 2.625H8.75V3.5H5.25V2.625ZM11.375 5.25V13.125H2.625V5.25H11.375Z\"><\/path>\n\t\t<\/svg>\n\t<\/div>\n\t<span\n\t\t\tclass=\"jet-form-builder-file-upload__file-invalid-marker\"\n\t\t\tstyle=\"display: none\">\n\t\t<svg xmlns=\"http:\/\/www.w3.org\/2000\/svg\" viewBox=\"0 0 20 20\" fill=\"currentcolor\" width=\"24\" height=\"24\" aria-hidden=\"true\" focusable=\"false\"><path d=\"M10 2c4.42 0 8 3.58 8 8s-3.58 8-8 8-8-3.58-8-8 3.58-8 8-8zm1.13 9.38l.35-6.46H8.52l.35 6.46h2.26zm-.09 3.36c.24-.23.37-.55.37-.96 0-.42-.12-.74-.36-.97s-.59-.35-1.06-.35-.82.12-1.07.35-.37.55-.37.97c0 .41.13.73.38.96.26.23.61.34 1.06.34s.8-.11 1.05-.34z\"><\/path><\/svg>\n\t<\/span>\n\t<!-- footer -->\n<\/div>\n<\/template><div class=\"jet-form-builder__label\">\r\n<div class=\"jet-form-builder__label-text\">M\u00f6chten Sie uns evtl. zus\u00e4tzliche Dokumente (Pl\u00e4ne, Fotos, max. 10 MB) zukommen lassen? (optional)<\/div><\/div><div class=\"jet-form-builder__field-wrap jet-form-builder-file-upload\">\n\t\t<div class=\"jet-form-builder-file-upload__content\">\n\t\t<div class=\"jet-form-builder-file-upload__loader\"><svg xmlns=\"http:\/\/www.w3.org\/2000\/svg\" width=\"38\" height=\"38\" viewBox=\"0 0 38 38\" stroke=\"#fff\"><g fill=\"none\" fill-rule=\"evenodd\"><g transform=\"translate(1 1)\" stroke-width=\"2\"><circle stroke-opacity=\".5\" cx=\"18\" cy=\"18\" r=\"18\"\/><path d=\"M36 18c0-9.94-8.06-18-18-18\" transform=\"rotate(137.826 18 18)\"><animateTransform attributeName=\"transform\" type=\"rotate\" from=\"0 18 18\" to=\"360 18 18\" dur=\"1s\" repeatCount=\"indefinite\"\/><\/path><\/g><\/g><\/svg><\/div>\t\t<div class=\"jet-form-builder-file-upload__files\" data-args=\"{&quot;max_files&quot;:10,&quot;max_size&quot;:10485760}\">\n\t\t\t\t\t<\/div>\n\t<\/div>\n\t<div class=\"jet-form-builder-file-upload__fields\">\n\t\t<input class=\"jet-form-builder__field file-field jet-form-builder-file-upload__input\" name=\"anhaenge[]\" data-field-name=\"anhaenge\" type=\"file\" data-form_id=\"995\" id=\"anhaenge\" data-jfb-sync=\"null\" data-max_files=\"10\" multiple=\"1\" accept=\"application\/pdf,image\/png,image\/jpeg,image\/gif\" data-max_size=\"10485760\">\n\t<\/div>\n\t<div class=\"jet-form-builder-file-upload__message\"><small>Maximum file size: 10 MB<\/small><\/div>\n\t<div class=\"jet-form-builder-file-upload__errors is-hidden\"><\/div>\n\t<\/div>\n<\/div>\n<\/div>\n\n<div class=\"jet-form-builder__conditional \" data-jfb-conditional=\"[{&quot;operator&quot;:&quot;not_empty&quot;,&quot;value&quot;:&quot;&quot;,&quot;field&quot;:&quot;Immobilienart&quot;,&quot;use_preset&quot;:false}]\" data-jfb-func=\"show\">\n<div  class=\"jet-form-builder-row field-type-text-field\" >\n<div class=\"jet-form-builder__label\">\r\n<div class=\"jet-form-builder__label-text\">Bitte teilen Sie uns die genaue Anschrift mit, da die Lage den Wert Ihrer Immobilie ma\u00dfgeblich beeinflusst.<\/div><\/div><div class=\"jet-form-builder__field-wrap\">\n\t\t\t\t<input placeholder=\"PLZ\" name=\"plz\" id=\"plz\" type=\"text\" data-field-name=\"plz\" class=\"jet-form-builder__field text-field\" data-jfb-sync=\"null\" autocomplete=\"off_XFKyA03w\">\n\t\t\t\t\t<\/div>\n<\/div>\n<\/div>\n\n<div class=\"jet-form-builder__conditional \" data-jfb-conditional=\"[{&quot;operator&quot;:&quot;not_empty&quot;,&quot;value&quot;:&quot;&quot;,&quot;field&quot;:&quot;Immobilienart&quot;,&quot;use_preset&quot;:false},{&quot;operator&quot;:&quot;not_empty&quot;,&quot;value&quot;:&quot;&quot;,&quot;field&quot;:&quot;plz&quot;,&quot;use_preset&quot;:false}]\" data-jfb-func=\"show\">\n<div  class=\"jet-form-builder-row field-type-text-field\" >\n<div class=\"jet-form-builder__field-wrap\">\n\t\t\t\t<input placeholder=\"Stra\u00dfe \/ Hausnummer\" name=\"strasse\" id=\"strasse\" type=\"text\" data-field-name=\"strasse\" class=\"jet-form-builder__field text-field\" data-jfb-sync=\"null\" autocomplete=\"off_JEHAvzS4\">\n\t\t\t\t\t<\/div>\n<\/div>\n\n\n<h3 class=\"wp-block-heading\">Wie k\u00f6nnen wir Sie erreichen?<\/h3>\n\n\n\n<div class=\"wp-block-columns is-layout-flex wp-container-core-columns-is-layout-9d6595d7 wp-block-columns-is-layout-flex\">\n<div class=\"wp-block-column is-layout-flow wp-block-column-is-layout-flow\"><div  class=\"jet-form-builder-row field-type-text-field\" >\n<div class=\"jet-form-builder__field-wrap\">\n\t\t\t\t<input placeholder=\"Vorname\" name=\"vorname\" id=\"vorname\" type=\"text\" data-field-name=\"vorname\" class=\"jet-form-builder__field text-field\" data-jfb-sync=\"null\" autocomplete=\"off_13sgR4cO\">\n\t\t\t\t\t<\/div>\n<\/div><\/div>\n\n\n\n<div class=\"wp-block-column is-layout-flow wp-block-column-is-layout-flow\"><div  class=\"jet-form-builder-row field-type-text-field\" >\n<div class=\"jet-form-builder__field-wrap\">\n\t\t\t\t<input placeholder=\"Nachname\" name=\"nachname\" id=\"nachname\" type=\"text\" data-field-name=\"nachname\" class=\"jet-form-builder__field text-field\" data-jfb-sync=\"null\" autocomplete=\"off_xHAXIiWC\">\n\t\t\t\t\t<\/div>\n<\/div><\/div>\n<\/div>\n\n\n\n<div class=\"wp-block-columns is-layout-flex wp-container-core-columns-is-layout-9d6595d7 wp-block-columns-is-layout-flex\">\n<div class=\"wp-block-column is-layout-flow wp-block-column-is-layout-flow\"><div  class=\"jet-form-builder-row field-type-text-field\" >\n<div class=\"jet-form-builder__field-wrap\">\n\t\t\t\t<input placeholder=\"Ihre E-Mailadresse\" required=\"required\" name=\"email\" id=\"email\" type=\"text\" data-field-name=\"email\" class=\"jet-form-builder__field text-field\" data-jfb-sync=\"null\" autocomplete=\"off_NGIHrWis\">\n\t\t\t\t\t<\/div>\n<\/div><\/div>\n\n\n\n<div class=\"wp-block-column tel_column is-layout-flow wp-block-column-is-layout-flow\"><div  class=\"jet-form-builder-row field-type-select-field wp-block-jet-forms-select-field\">\n<div class=\"jet-form-builder__field-wrap\">\n\t<select class=\"jet-form-builder__field select-field\" name=\"land\" data-field-name=\"land\" id=\"land\" data-jfb-sync=\"null\">\n\t\t<option value=\"+49\" >\ud83c\udde9\ud83c\uddea Deutschland<\/option><option value=\"+1\" >\ud83c\uddfa\ud83c\uddf8 USA<\/option><option value=\"+44\" >\ud83c\uddec\ud83c\udde7 Gro\u00dfbritannien<\/option><option value=\"+33\" >\ud83c\uddeb\ud83c\uddf7 Frankreich<\/option><option value=\"+34\" >\ud83c\uddea\ud83c\uddf8 Spanien<\/option><option value=\"+39\" >\ud83c\uddee\ud83c\uddf9 Italien<\/option><option value=\"+41\" >\ud83c\udde8\ud83c\udded Schweiz<\/option>\t<\/select>\n<\/div>\n<\/div>\n\n<div  class=\"jet-form-builder-row field-type-text-field\" >\n<div class=\"jet-form-builder__field-wrap\">\n\t\t\t\t<input placeholder=\"Ihre Telefonummer\" name=\"telefon\" id=\"telefon\" type=\"text\" data-field-name=\"telefon\" class=\"jet-form-builder__field text-field\" data-jfb-sync=\"null\" autocomplete=\"off_z263q58S\">\n\t\t\t\t\t<\/div>\n<\/div><\/div>\n<\/div>\n\n\n<div  class=\"jet-form-builder-row field-type-submit-field\" >\n\t<div data-type=\"submit\" class=\"jet-form-builder__action-button-wrapper jet-form-builder__submit-wrap\">\n\t<button class=\"jet-form-builder__action-button jet-form-builder__submit submit-type-ajax\" type=\"submit\">Jetzt den Wert Ihrer Immobilie ermitteln<\/button>\n\t<\/div>\n\t\n<\/div>\n\n\n\n\n<\/div>\t<div class=\"jet-form-builder-messages-wrap\" data-form-id=\"995\"><\/div>\n<\/form>\n\t\t\t\t<\/div>\n\t\t\t\t<\/div>\n\t\t\t\t<div class=\"elementor-element elementor-element-2c5cdcc elementor-hidden-desktop elementor-hidden-laptop elementor-view-default elementor-widget elementor-widget-icon\" data-id=\"2c5cdcc\" data-element_type=\"widget\" data-e-type=\"widget\" id=\"wertermit\" data-widget_type=\"icon.default\">\n\t\t\t\t<div class=\"elementor-widget-container\">\n\t\t\t\t\t\t\t<div class=\"elementor-icon-wrapper\">\n\t\t\t<a class=\"elementor-icon\" href=\"#elementor-action%3Aaction%3Dpopup%3Aopen%26settings%3DeyJpZCI6IjczMCIsInRvZ2dsZSI6ZmFsc2V9\">\n\t\t\t<svg xmlns=\"http:\/\/www.w3.org\/2000\/svg\" xmlns:xlink=\"http:\/\/www.w3.org\/1999\/xlink\" id=\"Ebene_1\" data-name=\"Ebene 1\" viewBox=\"0 0 26.77 24.34\"><defs><style>      .cls-1, .cls-2 {        fill: none;      }      .cls-2 {        stroke: #fff;        stroke-linecap: round;        stroke-linejoin: round;        stroke-width: 2.04px;      }      .cls-3 {        clip-path: url(#clippath);      }    <\/style><clipPath id=\"clippath\"><rect class=\"cls-1\" width=\"26.77\" height=\"24.34\"><\/rect><\/clipPath><\/defs><g class=\"cls-3\"><path class=\"cls-2\" d=\"M1.02,23.32h24.73M1.02,15.89h24.73M1.02,8.45h24.73M1.02,1.02h24.73\"><\/path><\/g><\/svg>\t\t\t<\/a>\n\t\t<\/div>\n\t\t\t\t\t\t<\/div>\n\t\t\t\t<\/div>\n\t\t\t\t\t<\/div>\n\t\t\t\t<\/div>\n\t\t<div class=\"elementor-element elementor-element-92c7395 e-flex e-con-boxed e-con e-parent\" data-id=\"92c7395\" data-element_type=\"container\" data-e-type=\"container\" data-settings=\"{&quot;jet_parallax_layout_list&quot;:[]}\">\n\t\t\t\t\t<div class=\"e-con-inner\">\n\t\t\t\t<div class=\"elementor-element elementor-element-86b8aab elementor-widget elementor-widget-spacer\" data-id=\"86b8aab\" data-element_type=\"widget\" data-e-type=\"widget\" data-widget_type=\"spacer.default\">\n\t\t\t\t<div class=\"elementor-widget-container\">\n\t\t\t\t\t\t\t<div class=\"elementor-spacer\">\n\t\t\t<div class=\"elementor-spacer-inner\"><\/div>\n\t\t<\/div>\n\t\t\t\t\t\t<\/div>\n\t\t\t\t<\/div>\n\t\t\t\t\t<\/div>\n\t\t\t\t<\/div>\n\t\t<div class=\"elementor-element elementor-element-30da1ae e-flex e-con-boxed e-con e-parent\" data-id=\"30da1ae\" data-element_type=\"container\" data-e-type=\"container\" data-settings=\"{&quot;jet_parallax_layout_list&quot;:[]}\">\n\t\t\t\t\t<div class=\"e-con-inner\">\n\t\t\t\t\t<\/div>\n\t\t\t\t<\/div>\n\t\t\t\t<\/div>\n\t\t","protected":false},"excerpt":{"rendered":"<p>Kostenlose Wertermittlung Jetzt kostenlos und unverbindlich den Wert Ihrer Immobilie ermitteln. Haus Wohnung Grundst\u00fcck Gewerbe Baujahr (H) Grunst\u00fcckfl\u00e4che (H) Wohnfl\u00e4che (H) Baujahr (W Wohnfl\u00e4che (W) Grunst\u00fcckfl\u00e4che (G) Baujahr (G) Nutzfl\u00e4che Gegebenenfalls zus\u00e4tzliche Informationen (optional) M\u00f6chten Sie uns evtl. zus\u00e4tzliche Dokumente (Pl\u00e4ne, Fotos, max. 10 MB) zukommen lassen? (optional) Maximum file size: 10 MB Bitte teilen [&hellip;]<\/p>\n","protected":false},"author":1,"featured_media":0,"parent":0,"menu_order":0,"comment_status":"closed","ping_status":"closed","template":"","meta":{"wp_typography_post_enhancements_disabled":false,"footnotes":""},"class_list":["post-485","page","type-page","status-publish","hentry"],"_links":{"self":[{"href":"https:\/\/www.flietnerimmobilien.de\/en\/wp-json\/wp\/v2\/pages\/485","targetHints":{"allow":["GET"]}}],"collection":[{"href":"https:\/\/www.flietnerimmobilien.de\/en\/wp-json\/wp\/v2\/pages"}],"about":[{"href":"https:\/\/www.flietnerimmobilien.de\/en\/wp-json\/wp\/v2\/types\/page"}],"author":[{"embeddable":true,"href":"https:\/\/www.flietnerimmobilien.de\/en\/wp-json\/wp\/v2\/users\/1"}],"replies":[{"embeddable":true,"href":"https:\/\/www.flietnerimmobilien.de\/en\/wp-json\/wp\/v2\/comments?post=485"}],"version-history":[{"count":43,"href":"https:\/\/www.flietnerimmobilien.de\/en\/wp-json\/wp\/v2\/pages\/485\/revisions"}],"predecessor-version":[{"id":1501,"href":"https:\/\/www.flietnerimmobilien.de\/en\/wp-json\/wp\/v2\/pages\/485\/revisions\/1501"}],"wp:attachment":[{"href":"https:\/\/www.flietnerimmobilien.de\/en\/wp-json\/wp\/v2\/media?parent=485"}],"curies":[{"name":"wp","href":"https:\/\/api.w.org\/{rel}","templated":true}]}}